{"id":221,"date":"2024-03-11T12:37:56","date_gmt":"2024-03-11T11:37:56","guid":{"rendered":"https:\/\/dulciane.org\/web\/?page_id=221"},"modified":"2026-04-03T23:32:33","modified_gmt":"2026-04-03T21:32:33","slug":"la-dulciane","status":"publish","type":"page","link":"https:\/\/dulciane.org\/web\/","title":{"rendered":""},"content":{"rendered":"\n<div class=\"alignnormal\"><div id=\"metaslider-id-225\" style=\"width: 100%; margin: 0 auto;\" class=\"ml-slider-3-107-0 metaslider metaslider-flex metaslider-225 ml-slider ms-theme-blend nav-hidden\" role=\"region\" aria-label=\"La Chorale\" data-height=\"300\" data-width=\"700\">\n    <div id=\"metaslider_container_225\">\n        <div id=\"metaslider_225\">\n            <ul class='slides'>\n                <li style=\"display: block; width: 100%;\" class=\"slide-640 ms-image \" aria-roledescription=\"slide\" data-date=\"2026-03-30 00:02:42\" data-filename=\"2026-01-02-700x300.jpg\" data-slide-type=\"image\"><img loading=\"lazy\" decoding=\"async\" src=\"https:\/\/dulciane.org\/web\/wp-content\/uploads\/2026\/03\/2026-01-02-700x300.jpg\" height=\"300\" width=\"700\" alt=\"\" class=\"slider-225 slide-640 msDefaultImage\" title=\"2026-01-02\" \/><\/li>\n                <li style=\"display: none; width: 100%;\" class=\"slide-599 ms-image \" aria-roledescription=\"slide\" data-date=\"2025-09-05 12:25:49\" data-filename=\"2026-01-05-700x300.jpg\" data-slide-type=\"image\"><img loading=\"lazy\" decoding=\"async\" src=\"https:\/\/dulciane.org\/web\/wp-content\/uploads\/2026\/03\/2026-01-05-700x300.jpg\" height=\"300\" width=\"700\" alt=\"\" class=\"slider-225 slide-599 msDefaultImage\" title=\"2026-01-05\" \/><\/li>\n                <li style=\"display: none; width: 100%;\" class=\"slide-594 ms-image \" aria-roledescription=\"slide\" data-date=\"2025-09-05 12:24:07\" data-filename=\"2024-03-700x300.jpg\" data-slide-type=\"image\"><img loading=\"lazy\" decoding=\"async\" src=\"https:\/\/dulciane.org\/web\/wp-content\/uploads\/2025\/09\/2024-03-700x300.jpg\" height=\"300\" width=\"700\" alt=\"\" class=\"slider-225 slide-594 msDefaultImage\" title=\"2024-03\" \/><\/li>\n                <li style=\"display: none; width: 100%;\" class=\"slide-597 ms-image \" aria-roledescription=\"slide\" data-date=\"2025-09-05 12:24:08\" data-filename=\"2018-01-700x300.jpg\" data-slide-type=\"image\"><img loading=\"lazy\" decoding=\"async\" src=\"https:\/\/dulciane.org\/web\/wp-content\/uploads\/2025\/09\/2018-01-700x300.jpg\" height=\"300\" width=\"700\" alt=\"\" class=\"slider-225 slide-597 msDefaultImage\" title=\"2018-01\" \/><\/li>\n                <li style=\"display: none; width: 100%;\" class=\"slide-595 ms-image \" aria-roledescription=\"slide\" data-date=\"2025-09-05 12:24:08\" data-filename=\"DSCF0244-700x300.jpg\" data-slide-type=\"image\"><img loading=\"lazy\" decoding=\"async\" src=\"https:\/\/dulciane.org\/web\/wp-content\/uploads\/2025\/09\/DSCF0244-700x300.jpg\" height=\"300\" width=\"700\" alt=\"\" class=\"slider-225 slide-595 msDefaultImage\" title=\"DSCF0244\" \/><\/li>\n                <li style=\"display: none; width: 100%;\" class=\"slide-598 ms-image \" aria-roledescription=\"slide\" data-date=\"2025-09-05 12:24:08\" data-filename=\"2025-05_07-700x300.jpg\" data-slide-type=\"image\"><img loading=\"lazy\" decoding=\"async\" src=\"https:\/\/dulciane.org\/web\/wp-content\/uploads\/2025\/09\/2025-05_07-700x300.jpg\" height=\"300\" width=\"700\" alt=\"\" class=\"slider-225 slide-598 msDefaultImage\" title=\"2025-05_07\" \/><\/li>\n                <li style=\"display: none; width: 100%;\" class=\"slide-604 ms-image \" aria-roledescription=\"slide\" data-date=\"2025-09-05 12:36:19\" data-filename=\"DSCF0341-700x300.jpg\" data-slide-type=\"image\"><img loading=\"lazy\" decoding=\"async\" src=\"https:\/\/dulciane.org\/web\/wp-content\/uploads\/2025\/09\/DSCF0341-700x300.jpg\" height=\"300\" width=\"700\" alt=\"\" class=\"slider-225 slide-604 msDefaultImage\" title=\"DSCF0341\" \/><\/li>\n                <li style=\"display: none; width: 100%;\" class=\"slide-639 ms-image \" aria-roledescription=\"slide\" data-date=\"2026-03-30 00:00:59\" data-filename=\"2025-05_03-700x300.jpg\" data-slide-type=\"image\"><img loading=\"lazy\" decoding=\"async\" src=\"https:\/\/dulciane.org\/web\/wp-content\/uploads\/2025\/09\/2025-05_03-700x300.jpg\" height=\"300\" width=\"700\" alt=\"\" class=\"slider-225 slide-639 msDefaultImage\" title=\"2025-05_03\" \/><\/li>\n            <\/ul>\n        <\/div>\n        \n    <\/div>\n<\/div><\/div>\n\n\n\n<h2 class=\"wp-block-heading\">La Dulciane<\/h2>\n\n\n\n<p>La Dulciane est un ch\u0153ur mixte bas\u00e9 \u00e0 Lyon, rassemblant des choristes de tout horizon autour d\u2019un m\u00eame plaisir de chanter ensemble. Fort de plusieurs d\u00e9cennies d\u2019existence, l\u2019ensemble s\u2019inscrit dans une dynamique vivante, tourn\u00e9e \u00e0 la fois vers la transmission et le renouvellement.<\/p>\n\n\n\n<p>Le r\u00e9pertoire se veut ouvert et \u00e9clectique : musique sacr\u00e9e et profane, \u0153uvres issues de diff\u00e9rentes \u00e9poques et cultures. Il m\u00eale des pi\u00e8ces en fran\u00e7ais, italien, langues slaves, langues nordiques, anglais et d\u2019autres encore, explorant une grande diversit\u00e9 de styles et de couleurs vocales.<\/p>\n\n\n\n<p>La Dulciane accueille des chanteuses et chanteurs dans tous les pupitres. Aucune limite d\u2019\u00e2ge stricte : l\u2019essentiel r\u00e9side dans l\u2019engagement, l\u2019\u00e9coute et le plaisir de faire de la musique ensemble.<\/p>\n\n\n\n<h2 class=\"wp-block-heading\">Vous aimez chanter ou vous en avez envie ?<\/h2>\n\n\n\n<p>N\u2019h\u00e9sitez pas, venez plut\u00f4t essayer un soir avec nous le Lundi de 20h15 \u00e0 22h15, au&nbsp;100 rue Boileau ! Il n\u2019est pas n\u00e9cessaire de savoir lire la musique, l\u2019important \u00e9tant la motivation, la curiosit\u00e9, l\u2019envie de d\u00e9couvrir et bien s\u00fbr de chanter.<\/p>\n\n\n\n<p>Des enregistrements sont fait par le chef de ch\u0153ur pour ceux qui ne lisent pas la musique afin qu\u2019ils puissent travailler chez eux.<\/p>\n\n\n\n<p><em><strong>Les informations de contact se trouvent dans le pied de page<\/strong><\/em><\/p>\n\n\n\n<p>A bient\u00f4t !<\/p>\n","protected":false},"excerpt":{"rendered":"<p>La Dulciane La Dulciane est un ch\u0153ur mixte bas\u00e9 \u00e0 Lyon, rassemblant des choristes de tout horizon autour d\u2019un m\u00eame plaisir de chanter ensemble. Fort de plusieurs d\u00e9cennies d\u2019existence, l\u2019ensemble s\u2019inscrit dans une dynamique vivante, tourn\u00e9e \u00e0 la fois vers la transmission et le renouvellement. Le r\u00e9pertoire se veut ouvert&#8230;<\/p>\n<p class=\"continue-reading-button\"> <a class=\"continue-reading-link\" href=\"https:\/\/dulciane.org\/web\/\">Continue reading<i class=\"crycon-right-dir\"><\/i><\/a><\/p>\n","protected":false},"author":2,"featured_media":0,"parent":0,"menu_order":0,"comment_status":"closed","ping_status":"closed","template":"","meta":{"_acf_changed":false,"footnotes":""},"class_list":["post-221","page","type-page","status-publish","hentry"],"acf":[],"publishpress_future_action":{"enabled":false,"date":"2026-05-06 19:51:39","action":"change-status","newStatus":"draft","terms":[],"taxonomy":"","extraData":[]},"publishpress_future_workflow_manual_trigger":{"enabledWorkflows":[]},"_links":{"self":[{"href":"https:\/\/dulciane.org\/web\/wp-json\/wp\/v2\/pages\/221","targetHints":{"allow":["GET"]}}],"collection":[{"href":"https:\/\/dulciane.org\/web\/wp-json\/wp\/v2\/pages"}],"about":[{"href":"https:\/\/dulciane.org\/web\/wp-json\/wp\/v2\/types\/page"}],"author":[{"embeddable":true,"href":"https:\/\/dulciane.org\/web\/wp-json\/wp\/v2\/users\/2"}],"replies":[{"embeddable":true,"href":"https:\/\/dulciane.org\/web\/wp-json\/wp\/v2\/comments?post=221"}],"version-history":[{"count":20,"href":"https:\/\/dulciane.org\/web\/wp-json\/wp\/v2\/pages\/221\/revisions"}],"predecessor-version":[{"id":649,"href":"https:\/\/dulciane.org\/web\/wp-json\/wp\/v2\/pages\/221\/revisions\/649"}],"wp:attachment":[{"href":"https:\/\/dulciane.org\/web\/wp-json\/wp\/v2\/media?parent=221"}],"curies":[{"name":"wp","href":"https:\/\/api.w.org\/{rel}","templated":true}]}}